{"id":3573,"date":"2020-12-07T18:05:01","date_gmt":"2020-12-07T18:05:01","guid":{"rendered":"https:\/\/gpsites.co\/donate\/?page_id=3573"},"modified":"2026-04-30T16:13:43","modified_gmt":"2026-04-30T14:13:43","slug":"home","status":"publish","type":"page","link":"https:\/\/divokehusy.cz\/","title":{"rendered":"Home"},"content":{"rendered":"\n\n\n<div class=\"gb-element-53018e34\">\n<div class=\"gb-element-1311d907\">\n<div class=\"wp-block-group is-content-justification-left is-nowrap is-layout-flex wp-container-core-group-is-layout-f56a869c wp-block-group-is-layout-flex\"><div class=\"gb-container gb-container-7e1173fb\">\n\n<div class=\"wp-block-group is-nowrap is-layout-flex wp-container-core-group-is-layout-ad2f72ca wp-block-group-is-layout-flex\">\n<h1 class=\"gb-text gb-text-660f3140\">Podporujeme ty, kte\u0159\u00ed pom\u00e1haj\u00ed<\/h1>\n<\/div>\n\n\n\n<a class=\"gb-button gb-button-78b4acef\" href=\"https:\/\/www.darujspravne.cz\/sbirka\/lety-divokych-hus-540?\" target=\"_blank\" rel=\"noopener noreferrer\"><span class=\"gb-button-text\">Chci p\u0159isp\u011bt<\/span><span class=\"gb-icon\"><svg viewBox=\"0 0 561 539\" xmlns=\"http:\/\/www.w3.org\/2000\/svg\"><path d=\"M153 22c3 1.4 5.1 2.9 7.4 5.2l1.9 1.9 2 2c.7.7 1.4 1.4 2 2.1 4.4 4.5 8.6 9 12.6 13.8.8 1 1.7 1.9 2.5 2.9 6.4 7.5 12.6 15.2 18.5 23.1.5.7 1 1.3 1.5 2 26.5 35.7 55.2 80.4 50.5 127-1.2 8.2-3 16.4-4.7 24.5-1.6 7.6-2.9 15.3-4.2 23-.3 1.5-.5 3-.8 4.6-2.8 16.6-4.8 32.9-4.7 49.8v2.4c0 19.8 2.7 40.8 17.4 55.7 17.9 15 40.4 17.8 63 16 8.5-1 16.7-2.9 25-5 .9-.2 1.9-.5 2.9-.7 12.5-3.3 24.7-7.4 36.9-11.6q1.7-.6 3.5-1.2l17.4-6c34-11.8 64-18.3 97.8-2.5 16.2 7.9 32.5 18.6 44.6 32.1v2c-6.1.3-12.1.5-18.2.8q-1.5 0-3 .1c-14.8.7-29.7 1.2-44.5 1.7-2.8 0-5.7.2-8.5.3h-2.9c-1.9 0-3.8.1-5.8.2-5.7.2-11.4.4-17.1.5-3.6.1-7.3.2-10.9.4-1.7 0-3.4.1-5.1.2-13.8.4-27.3 1.7-40.4 6.3-.7.2-1.5.5-2.2.8-28.7 10.2-55.3 25.2-81.4 40.7-1 .6-2.1 1.2-3.2 1.9-10.6 6.3-21.2 12.6-31.6 19.2-.8.5-1.5 1-2.3 1.5-3.1 2-6.3 4-9.4 6-42.5 27.1-88.2 45.2-139.1 33.9-32.5-7.8-62.9-25.8-85.4-50.5l-1-3c.7 0 1.4.1 2.2.2 39.5 3.4 75.8-3.9 111.8-20.2l-7.2-7.2c-4.2-4.2-8.3-8.4-12.1-12.9-1.6-1.8-3.3-3.5-5-5.2-4.6-4.6-8.6-9.6-12.6-14.7-.5-.6-1-1.3-1.5-1.9-21.8-27.5-40.4-58.7-37.5-95.1 3.1-22.4 16.5-44.7 26-65 .4-.9.9-1.8 1.3-2.8 4.3-9.2 8.7-18.4 13.6-27.3 28.8-53.9 36.6-111.7 40.1-171.9Z\"><\/path><\/svg><\/span><\/a>\n\n<\/div>\n\n\n<div class=\"gb-element-5483282a\">\n<figure>\n<img loading=\"lazy\" decoding=\"async\" width=\"1190\" height=\"841\" class=\"gb-media-2bcba2c3\" alt=\"\" title=\"skupinove foto (kopie)\" src=\"https:\/\/divokehusy.cz\/wp-content\/uploads\/2026\/03\/skupinove-foto-kopie.svg\"\/>\n<\/figure>\n<\/div>\n<\/div>\n\n\n\n<div class=\"gb-element-570d7c9f\"><div class=\"gb-container gb-container-13c54e35\">\n\n<h2 class=\"gb-text gb-text-ea4f9e0c\">za dobu<\/h2>\n\n\n\n<div class=\"ng-counter\" data-target=\"29\">\n  <span class=\"ng-counter__number\">0<\/span> let\n<\/div>\n\n<\/div>\n\n\n<span class=\"gb-shape gb-shape-898e8e75\"><svg xmlns=\"http:\/\/www.w3.org\/2000\/svg\" viewBox=\"0 0 100 1\" width=\"100%\" height=\"1\" preserveAspectRatio=\"none\">\n  <line x1=\"0\" y1=\"0.5\" x2=\"100\" y2=\"0.5\" stroke=\"currentColor\" stroke-width=\"1\"><\/line>\n<\/svg><\/span>\n\n\n<div class=\"gb-container gb-container-4c2f8488\">\n\n<h2 class=\"gb-text gb-text-95961dd3\">jsme podpo\u0159ili<\/h2>\n\n\n\n<div class=\"ng-counter\" data-target=\"1800\">\n  <span class=\"ng-counter__number\">0<\/span> projekt\u016f\n<\/div>\n\n<\/div>\n\n\n<span class=\"gb-shape gb-shape-69405604\"><svg xmlns=\"http:\/\/www.w3.org\/2000\/svg\" viewBox=\"0 0 100 1\" width=\"100%\" height=\"1\" preserveAspectRatio=\"none\">\n  <line x1=\"0\" y1=\"0.5\" x2=\"100\" y2=\"0.5\" stroke=\"currentColor\" stroke-width=\"1\"><\/line>\n<\/svg><\/span>\n\n\n<div class=\"gb-container gb-container-b0ab79b6\">\n\n<h2 class=\"gb-text gb-text-24ef6101\">celkem za<\/h2>\n\n\n\n<div class=\"ng-counter\" data-target=\"315\">\n  <span class=\"ng-counter__number\">0<\/span> milon\u016f\n<\/div>\n\n<\/div><\/div>\n<\/div>\n<\/div>\n\n\n\n\n<div class=\"gb-container gb-container-656a12a3\" id=\"aktualni-sbirka\">\n\n<div class=\"gb-element-20e1e665\">\n<h2 class=\"gb-headline gb-headline-c953b83d gb-headline-text\">Aktu\u00e1ln\u00ed sb\u00edrka<\/h2>\n\n\n\n<div class=\"gb-grid-wrapper gb-grid-wrapper-be176ef8 gb-query-loop-wrapper\">\n<div class=\"gb-grid-column gb-grid-column-5ef32261 gb-query-loop-item post-6243 post type-post status-publish format-standard has-post-thumbnail hentry category-aktualni-sbirka\"><div class=\"gb-container gb-container-5ef32261\">\n<figure class=\"gb-block-image gb-block-image-42596a55\"><a href=\"https:\/\/divokehusy.cz\/post-example-3-2-2-2-2-2\/\"><img loading=\"lazy\" decoding=\"async\" width=\"1500\" height=\"1000\" src=\"https:\/\/divokehusy.cz\/wp-content\/uploads\/2026\/04\/priloha_1648670445_2_4_result.webp\" class=\"gb-image-42596a55\" alt=\"\" srcset=\"https:\/\/divokehusy.cz\/wp-content\/uploads\/2026\/04\/priloha_1648670445_2_4_result.webp 1500w, https:\/\/divokehusy.cz\/wp-content\/uploads\/2026\/04\/priloha_1648670445_2_4_result-300x200.webp 300w, https:\/\/divokehusy.cz\/wp-content\/uploads\/2026\/04\/priloha_1648670445_2_4_result-1024x683.webp 1024w, https:\/\/divokehusy.cz\/wp-content\/uploads\/2026\/04\/priloha_1648670445_2_4_result-768x512.webp 768w\" sizes=\"auto, (max-width: 1500px) 100vw, 1500px\" \/><\/a><\/figure>\n\n<h2 class=\"gb-headline gb-headline-b97ea9a9 gb-headline-text\"><a href=\"https:\/\/divokehusy.cz\/post-example-3-2-2-2-2-2\/\">Va\u0159en\u00ed, kter\u00e9 von\u00ed domovem<\/a><\/h2>\n\n<div class=\"gb-headline gb-headline-57efa206 gb-headline-text\">Dobroty z vlastn\u00ed p\u00e1nvi\u010dky Pomozte senior\u016fm z Charity Stud\u00e9nka z Domu sv. J\u00e1chyma vybavit spole\u010dnou kuchy\u0148ku. Chyb\u00ed jim spor\u00e1k a lednice. I v nov\u00e9m prost\u0159ed\u00ed &#8230;<\/div>\n<\/div><\/div>\n<\/div>\n<\/div>\n\n<\/div>\n\n\n<div class=\"gb-element-1f0b96fb\"><div class=\"gb-container gb-container-508cf0e9\">\n<div class=\"gb-container gb-container-8eb2f820\">\n\n<h3 class=\"gb-headline gb-headline-c08a1fe7 gb-headline-text\"><strong>N\u00e1sob\u00edme pomoc<\/strong><\/h3>\n\n\n\n<p>Podporujeme neziskov\u00e9 organizace po cel\u00e9 \u010cR formou zdvojn\u00e1soben\u00ed v\u00fdt\u011b\u017ek\u016f z jejich benefi\u010dn\u00edch akc\u00ed.<\/p>\n\n\n\n<a class=\"gb-button gb-button-106262de gb-button-text\" href=\"https:\/\/divokehusy.cz\/?page_id=4829\">Benefice s Divok\u00fdmi husami<\/a>\n\n<\/div>\n\n<div class=\"gb-container gb-container-d374a889\">\n\n<h3 class=\"gb-headline gb-headline-498fcae7 gb-headline-text\"><strong>Region\u00e1ln\u00ed podpora<\/strong><\/h3>\n\n\n\n<p>Zvl\u00e1\u0161tn\u00ed pozornost v\u011bnujeme rozvoji neziskov\u00e9ho sektoru p\u0159\u00edmo na Znojemsku.<\/p>\n\n\n\n<a class=\"gb-button gb-button-1eea71e2 gb-button-text\" href=\"https:\/\/divokehusy.cz\/?page_id=4830\">Divok\u00e9 husy pro Znojemsko<\/a>\n\n<\/div>\n\n<div class=\"gb-container gb-container-dcab28b3\">\n\n<h3 class=\"gb-headline gb-headline-6a295562 gb-headline-text\"><strong>Ekumenick\u00e1 spolupr\u00e1ce<\/strong><\/h3>\n\n\n\n<p>Aktivn\u011b propojujeme a podporujeme projekty v r\u00e1mci mezin\u00e1bo\u017eensk\u00e9ho a k\u0159es\u0165ansk\u00e9ho dialogu.<\/p>\n\n\n\n<a class=\"gb-button gb-button-0f7f4717 gb-button-text\" href=\"https:\/\/divokehusy.cz\/?page_id=4831\">Divok\u00e9 husy ekumenick\u00e9<\/a>\n\n<\/div>\n<\/div><\/div>\n\n\n<div class=\"gb-container gb-container-13b90939\">\n\n<h3 class=\"gb-headline gb-headline-41f5fcf9 gb-headline-text\">Novinky<\/h3>\n\n\n\n<div class=\"gb-grid-wrapper gb-grid-wrapper-36c64e2d gb-query-loop-wrapper\">\n<div class=\"gb-grid-column gb-grid-column-2add8167 gb-query-loop-item post-6295 post type-post status-publish format-standard has-post-thumbnail hentry category-aktuality\"><div class=\"gb-container gb-container-2add8167\">\n<figure class=\"gb-block-image gb-block-image-a3adae7a\"><a href=\"https:\/\/divokehusy.cz\/post-example-3-3-2-2-4-5-2-2-2-2\/\"><img loading=\"lazy\" decoding=\"async\" width=\"1500\" height=\"1000\" src=\"https:\/\/divokehusy.cz\/wp-content\/uploads\/2026\/04\/priloha_1585261550_5_dh_003-1_result.webp\" class=\"gb-image-a3adae7a\" alt=\"\" srcset=\"https:\/\/divokehusy.cz\/wp-content\/uploads\/2026\/04\/priloha_1585261550_5_dh_003-1_result.webp 1500w, https:\/\/divokehusy.cz\/wp-content\/uploads\/2026\/04\/priloha_1585261550_5_dh_003-1_result-300x200.webp 300w, https:\/\/divokehusy.cz\/wp-content\/uploads\/2026\/04\/priloha_1585261550_5_dh_003-1_result-1024x683.webp 1024w, https:\/\/divokehusy.cz\/wp-content\/uploads\/2026\/04\/priloha_1585261550_5_dh_003-1_result-768x512.webp 768w\" sizes=\"auto, (max-width: 1500px) 100vw, 1500px\" \/><\/a><\/figure>\n\n<h2 class=\"gb-headline gb-headline-ec01aab9 gb-headline-text\"><a href=\"https:\/\/divokehusy.cz\/post-example-3-3-2-2-4-5-2-2-2-2\/\">Na vlastn\u00edch nohou<\/a><\/h2>\n\n<div class=\"gb-headline gb-headline-88e27fd0 gb-headline-text\">Jak let\u011bt na vlastn\u00edch k\u0159\u00eddlech D\u00edky va\u0161\u00ed \u0161t\u011bdrosti jsme p\u0159edali 60 000 K\u010d projektu Na vlastn\u00edch nohou, kter\u00fd realizuje Salesi\u00e1nsk\u00fd klub ml\u00e1de\u017ee \u2013 Centrum Don &#8230;<\/div>\n\n<a class=\"gb-button gb-button-9433f382 gb-button-text\" href=\"https:\/\/divokehusy.cz\/post-example-3-3-2-2-4-5-2-2-2-2\/\">Read More <\/a>\n<\/div><\/div>\n\n<div class=\"gb-grid-column gb-grid-column-2add8167 gb-query-loop-item post-6286 post type-post status-publish format-standard has-post-thumbnail hentry category-benefice\"><div class=\"gb-container gb-container-2add8167\">\n<figure class=\"gb-block-image gb-block-image-a3adae7a\"><a href=\"https:\/\/divokehusy.cz\/post-example-3-3-2-2-4-2-2-3-2-2-2\/\"><img loading=\"lazy\" decoding=\"async\" width=\"1500\" height=\"1000\" src=\"https:\/\/divokehusy.cz\/wp-content\/uploads\/2026\/04\/CHP_5766_result.webp\" class=\"gb-image-a3adae7a\" alt=\"\" srcset=\"https:\/\/divokehusy.cz\/wp-content\/uploads\/2026\/04\/CHP_5766_result.webp 1500w, https:\/\/divokehusy.cz\/wp-content\/uploads\/2026\/04\/CHP_5766_result-300x200.webp 300w, https:\/\/divokehusy.cz\/wp-content\/uploads\/2026\/04\/CHP_5766_result-1024x683.webp 1024w, https:\/\/divokehusy.cz\/wp-content\/uploads\/2026\/04\/CHP_5766_result-768x512.webp 768w\" sizes=\"auto, (max-width: 1500px) 100vw, 1500px\" \/><\/a><\/figure>\n\n<h2 class=\"gb-headline gb-headline-ec01aab9 gb-headline-text\"><a href=\"https:\/\/divokehusy.cz\/post-example-3-3-2-2-4-2-2-3-2-2-2\/\">Dobrokv\u011bt \u2013kv\u011btiny, kter\u00e9 pom\u00e1haj\u00ed<\/a><\/h2>\n\n<div class=\"gb-headline gb-headline-88e27fd0 gb-headline-text\">Benefi\u010dn\u00ed prodej rostlin a kv\u011btin P\u0159ij\u010fte si ud\u011blat radost kr\u00e1snou kv\u011btinou a podpo\u0159te dobrou v\u011bc! Srde\u010dn\u011b v\u00e1s zveme na prodejn\u00ed akci Charity Olomouc s n\u00e1zvem &#8230;<\/div>\n\n<a class=\"gb-button gb-button-9433f382 gb-button-text\" href=\"https:\/\/divokehusy.cz\/post-example-3-3-2-2-4-2-2-3-2-2-2\/\">Read More <\/a>\n<\/div><\/div>\n\n<div class=\"gb-grid-column gb-grid-column-2add8167 gb-query-loop-item post-6273 post type-post status-publish format-standard has-post-thumbnail hentry category-benefice\"><div class=\"gb-container gb-container-2add8167\">\n<figure class=\"gb-block-image gb-block-image-a3adae7a\"><a href=\"https:\/\/divokehusy.cz\/post-example-3-3-2-2-4-2-2-3-2-2\/\"><img loading=\"lazy\" decoding=\"async\" width=\"1500\" height=\"1000\" src=\"https:\/\/divokehusy.cz\/wp-content\/uploads\/2026\/04\/20250524_104641_result.webp\" class=\"gb-image-a3adae7a\" alt=\"\" srcset=\"https:\/\/divokehusy.cz\/wp-content\/uploads\/2026\/04\/20250524_104641_result.webp 1500w, https:\/\/divokehusy.cz\/wp-content\/uploads\/2026\/04\/20250524_104641_result-300x200.webp 300w, https:\/\/divokehusy.cz\/wp-content\/uploads\/2026\/04\/20250524_104641_result-1024x683.webp 1024w, https:\/\/divokehusy.cz\/wp-content\/uploads\/2026\/04\/20250524_104641_result-768x512.webp 768w\" sizes=\"auto, (max-width: 1500px) 100vw, 1500px\" \/><\/a><\/figure>\n\n<h2 class=\"gb-headline gb-headline-ec01aab9 gb-headline-text\"><a href=\"https:\/\/divokehusy.cz\/post-example-3-3-2-2-4-2-2-3-2-2\/\">Zp\u00edv\u00e1me pro ranou p\u00e9\u010di<\/a><\/h2>\n\n<div class=\"gb-headline gb-headline-88e27fd0 gb-headline-text\">Zp\u00edv\u00e1me pro odleh\u010den\u00ed rodin\u00e1m Zveme v\u00e1s na benefi\u010dn\u00ed koncert, jeho\u017e v\u00fdt\u011b\u017eek podpo\u0159\u00ed rodiny s d\u011btmi se zrakov\u00fdm a kombinovan\u00fdm posti\u017een\u00edm v r\u00e1mci slu\u017eeb ran\u00e9 p\u00e9\u010de. &#8230;<\/div>\n\n<a class=\"gb-button gb-button-9433f382 gb-button-text\" href=\"https:\/\/divokehusy.cz\/post-example-3-3-2-2-4-2-2-3-2-2\/\">Read More <\/a>\n<\/div><\/div>\n<\/div>\n\n<\/div>\n\n<div class=\"gb-container gb-container-7e71db89\">\n<div class=\"gb-container gb-container-22893ea0\">\n<div class=\"gb-container gb-container-47638fc7\">\n<div class=\"gb-container gb-container-3eaeadbc\">\n\n<h3 class=\"gb-text gb-text-e4f66c4a\">Podporujeme ty, kte\u0159\u00ed pom\u00e1haj\u00ed.<\/h3>\n\n\n\n<p class=\"has-white-color has-text-color\">Fungujeme na jedine\u010dn\u00e9m principu: v\u00fdt\u011b\u017eky z benefi\u010dn\u00edch akc\u00ed zdvojn\u00e1sobujeme. T\u00edm motivujeme neziskov\u00e9 organizace k vlastn\u00ed aktivit\u011b a d\u00e1rc\u016fm d\u00e1v\u00e1me jistotu, \u017ee jejich pomoc m\u00e1 u n\u00e1s dvojn\u00e1sobn\u00fd dopad.<\/p>\n\n\n\n<p>Podporujeme kvalitn\u00ed projekty v soci\u00e1ln\u00ed, zdravotn\u00ed a vzd\u011bl\u00e1vac\u00ed oblasti a zakl\u00e1d\u00e1me si na tom, \u017ee jsme pro na\u0161e partnery \u010diteln\u00fdm a spolehliv\u00fdm p\u0159\u00edstavem ve filantropii.<\/p>\n\n\n\n<p>Jako jedin\u00e1 ekumenick\u00e1 nadace v \u010cesku stav\u00edme na pevn\u00fdch z\u00e1kladech k\u0159es\u0165ansk\u00e9 etiky, transparentnosti a tradici sahaj\u00edc\u00ed a\u017e do roku 1997. Na\u0161\u00edm posl\u00e1n\u00edm je probouzet v lidech \u0161t\u011bdrost, chu\u0165 se zapojit a spole\u010dn\u011b s v\u00e1mi rozv\u00edjet ob\u010danskou spole\u010dnost.<\/p>\n\n<\/div>\n<\/div>\n\n<div class=\"gb-container gb-container-bdaba223\">\n\n<img loading=\"lazy\" decoding=\"async\" width=\"271\" height=\"265\" class=\"gb-media-2aaaea56\" alt=\"\" title=\"3husa\" src=\"https:\/\/divokehusy.cz\/wp-content\/uploads\/2026\/03\/3husa.svg\"\/>\n\n<\/div>\n<\/div>\n<\/div>\n\n\n<div class=\"gb-element-b2c22831\">\n<div class=\"gb-element-6eb99205\">\n<div class=\"gb-element-09dc1d89\">\n<h3 class=\"gb-headline gb-headline-a4c15ed9 gb-headline-text\">D\u011bkujeme na\u0161im partner\u016fm<\/h3>\n\n\n\n<div class=\"gb-element-765ad82e\">\n<a href=\"https:\/\/www.euroffice.cz\/\" target=\"_blank\" rel=\"noopener\"><img loading=\"lazy\" decoding=\"async\" width=\"200\" height=\"84\" class=\"gb-media-4c806e9e\" src=\"https:\/\/divokehusy.cz\/wp-content\/uploads\/2026\/02\/thmb-200-200-43cdd7550264f591a4c47cfdc762ee46.png\" title=\"thmb-200-200-43cdd7550264f591a4c47cfdc762ee46\" alt=\"\"\/><\/a>\n\n\n\n<a href=\"https:\/\/www.donorsforum.cz\/\" target=\"_blank\" rel=\"noopener\"><img loading=\"lazy\" decoding=\"async\" width=\"120\" height=\"120\" class=\"gb-media-df45a517\" src=\"https:\/\/divokehusy.cz\/wp-content\/uploads\/2026\/02\/thmb-200-200-175860d388031e90e7fbd58bf3a90aeb.png\" title=\"thmb-200-200-175860d388031e90e7fbd58bf3a90aeb\" alt=\"\"\/><\/a>\n\n\n\n<a href=\"https:\/\/www.nadacecez.cz\/\" target=\"_blank\" rel=\"noopener\"><img loading=\"lazy\" decoding=\"async\" width=\"200\" height=\"130\" class=\"gb-media-5027482a\" src=\"https:\/\/divokehusy.cz\/wp-content\/uploads\/2026\/02\/thmb-200-200-eb1af4dee2f697b75f586dd4f5923318.png\" title=\"thmb-200-200-eb1af4dee2f697b75f586dd4f5923318\" alt=\"\"\/><\/a>\n\n\n\n<a href=\"https:\/\/portal.rozhlas.cz\/\" target=\"_blank\" rel=\"noopener\"><img loading=\"lazy\" decoding=\"async\" width=\"120\" height=\"120\" class=\"gb-media-51c9d50d\" src=\"https:\/\/divokehusy.cz\/wp-content\/uploads\/2026\/02\/thmb-200-200-8d6750a1a8c782d523cfcde0d8d80b53.png\" title=\"thmb-200-200-8d6750a1a8c782d523cfcde0d8d80b53\" alt=\"\"\/><\/a>\n\n\n\n<a href=\"https:\/\/www.wildeganzen.nl\/\" target=\"_blank\" rel=\"noopener\"><img loading=\"lazy\" decoding=\"async\" width=\"120\" height=\"60\" class=\"gb-media-e467d78a\" src=\"https:\/\/divokehusy.cz\/wp-content\/uploads\/2026\/02\/thmb-200-200-e5dd6e607190f087dcf2b824fa048c25.png\" title=\"thmb-200-200-e5dd6e607190f087dcf2b824fa048c25\" alt=\"\"\/><\/a>\n\n\n\n<a href=\"https:\/\/www.editelgroup.com\/cz\" target=\"_blank\" rel=\"noopener\"><img loading=\"lazy\" decoding=\"async\" width=\"200\" height=\"38\" class=\"gb-media-0a720b08\" src=\"https:\/\/divokehusy.cz\/wp-content\/uploads\/2026\/02\/thmb-200-200-18252691d6eacbf6d67dc613a24f9533.png\" title=\"thmb-200-200-18252691d6eacbf6d67dc613a24f9533\" alt=\"\"\/><\/a>\n\n\n\n<a href=\"https:\/\/www.casopis-sfera.cz\/on-line-casopis\" target=\"_blank\" rel=\"noopener\"><img loading=\"lazy\" decoding=\"async\" width=\"200\" height=\"83\" class=\"gb-media-1c7fb93c\" src=\"https:\/\/divokehusy.cz\/wp-content\/uploads\/2026\/02\/thmb-200-200-962ac122fd1f21a96077fa4f2068a688.png\" title=\"thmb-200-200-962ac122fd1f21a96077fa4f2068a688\" alt=\"\"\/><\/a>\n\n\n\n<a href=\"https:\/\/www.capexus.cz\/\" target=\"_blank\" rel=\"noopener\"><img loading=\"lazy\" decoding=\"async\" width=\"200\" height=\"55\" class=\"gb-media-23a1a5fd\" src=\"https:\/\/divokehusy.cz\/wp-content\/uploads\/2026\/02\/thmb-200-200-bc70a2753289af4c2bf848ef30c2dfd8.png\" title=\"thmb-200-200-bc70a2753289af4c2bf848ef30c2dfd8\" alt=\"\"\/><\/a>\n\n\n\n<a href=\"https:\/\/www.hraj-si.com\/\" target=\"_blank\" rel=\"noopener\"><img loading=\"lazy\" decoding=\"async\" width=\"200\" height=\"148\" class=\"gb-media-e8db98d6\" src=\"https:\/\/divokehusy.cz\/wp-content\/uploads\/2026\/02\/thmb-200-200-b411dfc3fc79b6db9089cf179d7915d7.png\" title=\"thmb-200-200-b411dfc3fc79b6db9089cf179d7915d7\" alt=\"\"\/><\/a>\n\n\n\n<a href=\"https:\/\/protestant.evangnet.cz\/\" target=\"_blank\" rel=\"noopener\"><img loading=\"lazy\" decoding=\"async\" width=\"200\" height=\"32\" class=\"gb-media-51f9dbd8\" src=\"https:\/\/divokehusy.cz\/wp-content\/uploads\/2026\/02\/thmb-200-200-830dc136d925f7e10983cf7a7aa93acc.png\" title=\"thmb-200-200-830dc136d925f7e10983cf7a7aa93acc\" alt=\"\"\/><\/a>\n\n\n\n<a href=\"https:\/\/www.havelpartners.cz\/\" target=\"_blank\" rel=\"noopener\"><img loading=\"lazy\" decoding=\"async\" width=\"200\" height=\"200\" class=\"gb-media-569d8ea6\" src=\"https:\/\/divokehusy.cz\/wp-content\/uploads\/2026\/02\/thmb-200-200-a6a27963bad236f742e273dfded686c5.png\" title=\"thmb-200-200-a6a27963bad236f742e273dfded686c5\" alt=\"\" srcset=\"https:\/\/divokehusy.cz\/wp-content\/uploads\/2026\/02\/thmb-200-200-a6a27963bad236f742e273dfded686c5.png 200w, https:\/\/divokehusy.cz\/wp-content\/uploads\/2026\/02\/thmb-200-200-a6a27963bad236f742e273dfded686c5-150x150.png 150w\" sizes=\"auto, (max-width: 200px) 100vw, 200px\" \/><\/a>\n\n\n\n<a href=\"https:\/\/www.podnikatel.cz\/rejstrik\/gts-geotechnika-s-r-o-07191901\/\" target=\"_blank\" rel=\"noopener\"><img loading=\"lazy\" decoding=\"async\" width=\"200\" height=\"61\" class=\"gb-media-581d3600\" src=\"https:\/\/divokehusy.cz\/wp-content\/uploads\/2026\/02\/thmb-200-200-c863772b39df375d29f138d5c3793efe.png\" title=\"thmb-200-200-c863772b39df375d29f138d5c3793efe\" alt=\"\"\/><\/a>\n\n\n\n<a href=\"https:\/\/www.conseq.cz\/\" target=\"_blank\" rel=\"noopener\"><img loading=\"lazy\" decoding=\"async\" width=\"200\" height=\"74\" class=\"gb-media-37742427\" src=\"https:\/\/divokehusy.cz\/wp-content\/uploads\/2026\/02\/thmb-200-200-3267257d8caa0e1fc05667e8c04f5c50.png\" title=\"thmb-200-200-3267257d8caa0e1fc05667e8c04f5c50\" alt=\"\"\/><\/a>\n<\/div>\n<\/div>\n<\/div>\n<\/div>\n","protected":false},"excerpt":{"rendered":"<p>Podporujeme ty, kte\u0159\u00ed pom\u00e1haj\u00ed za dobu 0 let jsme podpo\u0159ili 0 projekt\u016f celkem za 0 milon\u016f Podporujeme ty, kte\u0159\u00ed pom\u00e1haj\u00ed Ve\u0159ejn\u00e1 sb\u00edrka Lety Divok\u00fdch hus za dobu 0 let jsme podpo\u0159ili 0 projekt\u016f celkem za 0 milon\u016f za dobu 29 jsem podpo\u0159ili 29 celkem za 29 Aktu\u00e1ln\u00ed sb\u00edrka N\u00e1sob\u00edme pomoc Podporujeme neziskov\u00e9 organizace po cel\u00e9 &#8230; <a title=\"Home\" class=\"read-more\" href=\"https:\/\/divokehusy.cz\/\" aria-label=\"\u010c\u00edst v\u00edce o Home\">Read more<\/a><\/p>\n","protected":false},"author":1,"featured_media":0,"parent":0,"menu_order":0,"comment_status":"closed","ping_status":"closed","template":"","meta":{"footnotes":""},"class_list":["post-3573","page","type-page","status-publish"],"_links":{"self":[{"href":"https:\/\/divokehusy.cz\/wp-json\/wp\/v2\/pages\/3573","targetHints":{"allow":["GET"]}}],"collection":[{"href":"https:\/\/divokehusy.cz\/wp-json\/wp\/v2\/pages"}],"about":[{"href":"https:\/\/divokehusy.cz\/wp-json\/wp\/v2\/types\/page"}],"author":[{"embeddable":true,"href":"https:\/\/divokehusy.cz\/wp-json\/wp\/v2\/users\/1"}],"replies":[{"embeddable":true,"href":"https:\/\/divokehusy.cz\/wp-json\/wp\/v2\/comments?post=3573"}],"version-history":[{"count":271,"href":"https:\/\/divokehusy.cz\/wp-json\/wp\/v2\/pages\/3573\/revisions"}],"predecessor-version":[{"id":6312,"href":"https:\/\/divokehusy.cz\/wp-json\/wp\/v2\/pages\/3573\/revisions\/6312"}],"wp:attachment":[{"href":"https:\/\/divokehusy.cz\/wp-json\/wp\/v2\/media?parent=3573"}],"curies":[{"name":"wp","href":"https:\/\/api.w.org\/{rel}","templated":true}]}}