{"id":3583,"date":"2020-12-07T18:06:07","date_gmt":"2020-12-07T18:06:07","guid":{"rendered":"https:\/\/gpsites.co\/donate\/?page_id=3583"},"modified":"2026-04-05T23:05:16","modified_gmt":"2026-04-05T21:05:16","slug":"kontakty","status":"publish","type":"page","link":"https:\/\/divokehusy.cz\/kontakty\/","title":{"rendered":"Kontakty"},"content":{"rendered":"<div class=\"gb-container gb-container-b097da39\">\n\n<div class=\"gb-element-59b9cdee\">\n<div>\n<h1 class=\"gb-headline gb-headline-2c369ad3 gb-headline-text\"><strong><strong><strong><strong><strong><strong><strong><strong><strong><strong><strong><strong><strong><strong><strong><strong><strong>Nadace Divok\u00e9 husy<\/strong><\/strong><\/strong><\/strong><\/strong><\/strong><\/strong><\/strong><\/strong><\/strong><\/strong><\/strong><\/strong><\/strong><\/strong><\/strong><\/strong><\/h1>\n\n\n\n<p>Na\u0161\u00edm posl\u00e1n\u00edm je zdvojn\u00e1sobovat pen\u00edze, n\u00e1pady, iniciativu, energii a radost. Spojujeme ty, kte\u0159\u00ed cht\u011bj\u00ed spole\u010dn\u011b dolet\u011bt d\u00e1l.<\/p>\n<\/div>\n\n\n\n<div>\n<img loading=\"lazy\" decoding=\"async\" width=\"1190\" height=\"841\" class=\"gb-media-d09695ae\" alt=\"\" title=\"postak\" src=\"https:\/\/divokehusy.cz\/wp-content\/uploads\/2026\/03\/postak.svg\"\/>\n<\/div>\n<\/div>\n\n\n\n<div>\n<p class=\"gb-headline gb-headline-60619b97\"><span class=\"gb-icon\"><svg aria-hidden=\"true\" height=\"1em\" width=\"1em\" viewBox=\"0 0 384 512\" xmlns=\"http:\/\/www.w3.org\/2000\/svg\"><path fill=\"currentColor\" d=\"M172.268 501.67C26.97 291.031 0 269.413 0 192 0 85.961 85.961 0 192 0s192 85.961 192 192c0 77.413-26.97 99.031-172.268 309.67-9.535 13.774-29.93 13.773-39.464 0zM192 272c44.183 0 80-35.817 80-80s-35.817-80-80-80-80 35.817-80 80 35.817 80 80 80z\"><\/path><\/svg><\/span><span class=\"gb-headline-text\">Ukrajinsk\u00e1 812\/15, Praha 10 \u2013 Vr\u0161ovice, 101 00<\/span><\/p>\n\n\n\n<p class=\"gb-headline gb-headline-91baf631\"><span class=\"gb-icon\"><svg aria-hidden=\"true\" height=\"1em\" width=\"1em\" viewBox=\"0 0 512 512\" xmlns=\"http:\/\/www.w3.org\/2000\/svg\"><path fill=\"currentColor\" d=\"M493.4 24.6l-104-24c-11.3-2.6-22.9 3.3-27.5 13.9l-48 112c-4.2 9.8-1.4 21.3 6.9 28l60.6 49.6c-36 76.7-98.9 140.5-177.2 177.2l-49.6-60.6c-6.8-8.3-18.2-11.1-28-6.9l-112 48C3.9 366.5-2 378.1.6 389.4l24 104C27.1 504.2 36.7 512 48 512c256.1 0 464-207.5 464-464 0-11.2-7.7-20.9-18.6-23.4z\"><\/path><\/svg><\/span><span class=\"gb-headline-text\">+420 603 469 457<\/span><\/p>\n\n\n\n<p class=\"gb-headline gb-headline-a82def16\"><span class=\"gb-icon\"><svg aria-hidden=\"true\" height=\"1em\" width=\"1em\" viewBox=\"0 0 512 512\" xmlns=\"http:\/\/www.w3.org\/2000\/svg\"><path fill=\"currentColor\" d=\"M464 64H48C21.49 64 0 85.49 0 112v288c0 26.51 21.49 48 48 48h416c26.51 0 48-21.49 48-48V112c0-26.51-21.49-48-48-48zm0 48v40.805c-22.422 18.259-58.168 46.651-134.587 106.49-16.841 13.247-50.201 45.072-73.413 44.701-23.208.375-56.579-31.459-73.413-44.701C106.18 199.465 70.425 171.067 48 152.805V112h416zM48 400V214.398c22.914 18.251 55.409 43.862 104.938 82.646 21.857 17.205 60.134 55.186 103.062 54.955 42.717.231 80.509-37.199 103.053-54.947 49.528-38.783 82.032-64.401 104.947-82.653V400H48z\"><\/path><\/svg><\/span><span class=\"gb-headline-text\"><a href=\"mailto:nadace@divokehusy.cz\">nadace@divokehusy.cz<\/a><\/span><\/p>\n\n\n\n<p class=\"gb-headline gb-headline-fa84b71c\"><span class=\"gb-icon\"><svg aria-hidden=\"true\" role=\"img\" height=\"1em\" width=\"1em\" viewBox=\"0 0 448 512\" xmlns=\"http:\/\/www.w3.org\/2000\/svg\"><path fill=\"currentColor\" d=\"M448 360V24c0-13.3-10.7-24-24-24H96C43 0 0 43 0 96v320c0 53 43 96 96 96h328c13.3 0 24-10.7 24-24v-16c0-7.5-3.5-14.3-8.9-18.7-4.2-15.4-4.2-59.3 0-74.7 5.4-4.3 8.9-11.1 8.9-18.6zM128 134c0-3.3 2.7-6 6-6h212c3.3 0 6 2.7 6 6v20c0 3.3-2.7 6-6 6H134c-3.3 0-6-2.7-6-6v-20zm0 64c0-3.3 2.7-6 6-6h212c3.3 0 6 2.7 6 6v20c0 3.3-2.7 6-6 6H134c-3.3 0-6-2.7-6-6v-20zm253.4 250H96c-17.7 0-32-14.3-32-32 0-17.6 14.4-32 32-32h285.4c-1.9 17.1-1.9 46.9 0 64z\"><\/path><\/svg><\/span><span class=\"gb-headline-text\">I\u010c: 65996640<\/span><\/p>\n\n\n\n<p class=\"gb-headline gb-headline-befdd1ec\"><span class=\"gb-icon\"><svg aria-hidden=\"true\" role=\"img\" height=\"1em\" width=\"1em\" viewBox=\"0 0 512 512\" xmlns=\"http:\/\/www.w3.org\/2000\/svg\"><path fill=\"currentColor\" d=\"M256 8C119.033 8 8 119.033 8 256s111.033 248 248 248 248-111.033 248-248S392.967 8 256 8zm80 248c0 44.112-35.888 80-80 80s-80-35.888-80-80 35.888-80 80-80 80 35.888 80 80z\"><\/path><\/svg><\/span><span class=\"gb-headline-text\">Datov\u00e1 schr\u00e1nka: xtvnm55<\/span><\/p>\n<\/div>\n\n<\/div>\n\n\n<div class=\"gbp-section\">\n<div class=\"gbp-section__inner gb-element-494986a6\">\n<div class=\"gb-element-50374088\">\n<h2 class=\"gb-text gbp-section__headline\">N\u00e1\u0161 t\u00fdm<\/h2>\n\n\n\n<div class=\"gb-text gbp-section__text\"><strong>POKUD SE K N\u00c1M VYPRAV\u00cdTE OSOBN\u011a, DOMLUVTE SE, PROS\u00cdM, P\u0158EDEM TELEFONICKY, ABYCHOM SE NEMINULI. D\u011aKUJEME ZA POCHOPEN\u00cd A T\u011a\u0160\u00cdME SE NA SETK\u00c1N\u00cd!<\/strong><\/div>\n<\/div>\n<\/div>\n\n\n\n<div class=\"gbp-section__inner gb-element-65aac165\">\n<div>\n<img loading=\"lazy\" decoding=\"async\" width=\"1600\" height=\"1066\" class=\"gb-media-caeca08a\" src=\"https:\/\/divokehusy.cz\/wp-content\/uploads\/2026\/03\/Divoke-husy-9101_result.webp\" title=\"Divok\u00e9 husy-9101_result\" alt=\"\" srcset=\"https:\/\/divokehusy.cz\/wp-content\/uploads\/2026\/03\/Divoke-husy-9101_result.webp 1600w, https:\/\/divokehusy.cz\/wp-content\/uploads\/2026\/03\/Divoke-husy-9101_result-300x200.webp 300w, https:\/\/divokehusy.cz\/wp-content\/uploads\/2026\/03\/Divoke-husy-9101_result-1024x682.webp 1024w, https:\/\/divokehusy.cz\/wp-content\/uploads\/2026\/03\/Divoke-husy-9101_result-768x512.webp 768w, https:\/\/divokehusy.cz\/wp-content\/uploads\/2026\/03\/Divoke-husy-9101_result-1536x1023.webp 1536w\" sizes=\"auto, (max-width: 1600px) 100vw, 1600px\" \/>\n\n\n\n<div class=\"gb-text gb-text-7ed1a74a\">Daniela Br\u016fhov\u00e1<\/div>\n\n\n\n<div class=\"gb-text gb-text-40a6d0b0\">\u0158editelka Nadace<\/div>\n\n\n\n<div class=\"gb-text gbp-section__text gb-text-b0d647ec\">Strategie a \u0159\u00edzen\u00ed, PR a fundraising, grantov\u00e1 \u0159\u00edzen\u00ed.<\/div>\n\n\n\n<div class=\"gb-element-d8515f52\">\n<a class=\"gb-text-eae14634\" href=\"https:\/\/www.facebook.com\/profile.php?id=100013224761232\" target=\"_blank\" rel=\"noopener\"><span class=\"gb-shape\"><svg aria-hidden=\"true\" role=\"img\" height=\"1em\" width=\"1em\" viewBox=\"0 0 320 512\" xmlns=\"http:\/\/www.w3.org\/2000\/svg\"><path fill=\"currentColor\" d=\"M279.14 288l14.22-92.66h-88.91v-60.13c0-25.35 12.42-50.06 52.24-50.06h40.42V6.26S260.43 0 225.36 0c-73.22 0-121.08 44.38-121.08 124.72v70.62H22.89V288h81.39v224h100.17V288z\"><\/path><\/svg><\/span><\/a>\n\n\n\n<a class=\"gb-text-1ae5eca7\" href=\"https:\/\/www.instagram.com\/bruhovadaniela\/\" target=\"_blank\" rel=\"noopener\"><span class=\"gb-shape\"><svg aria-hidden=\"true\" role=\"img\" height=\"1em\" width=\"1em\" viewBox=\"0 0 448 512\" xmlns=\"http:\/\/www.w3.org\/2000\/svg\"><path fill=\"currentColor\" d=\"M224.1 141c-63.6 0-114.9 51.3-114.9 114.9s51.3 114.9 114.9 114.9S339 319.5 339 255.9 287.7 141 224.1 141zm0 189.6c-41.1 0-74.7-33.5-74.7-74.7s33.5-74.7 74.7-74.7 74.7 33.5 74.7 74.7-33.6 74.7-74.7 74.7zm146.4-194.3c0 14.9-12 26.8-26.8 26.8-14.9 0-26.8-12-26.8-26.8s12-26.8 26.8-26.8 26.8 12 26.8 26.8zm76.1 27.2c-1.7-35.9-9.9-67.7-36.2-93.9-26.2-26.2-58-34.4-93.9-36.2-37-2.1-147.9-2.1-184.9 0-35.8 1.7-67.6 9.9-93.9 36.1s-34.4 58-36.2 93.9c-2.1 37-2.1 147.9 0 184.9 1.7 35.9 9.9 67.7 36.2 93.9s58 34.4 93.9 36.2c37 2.1 147.9 2.1 184.9 0 35.9-1.7 67.7-9.9 93.9-36.2 26.2-26.2 34.4-58 36.2-93.9 2.1-37 2.1-147.8 0-184.8zM398.8 388c-7.8 19.6-22.9 34.7-42.6 42.6-29.5 11.7-99.5 9-132.1 9s-102.7 2.6-132.1-9c-19.6-7.8-34.7-22.9-42.6-42.6-11.7-29.5-9-99.5-9-132.1s-2.6-102.7 9-132.1c7.8-19.6 22.9-34.7 42.6-42.6 29.5-11.7 99.5-9 132.1-9s102.7-2.6 132.1 9c19.6 7.8 34.7 22.9 42.6 42.6 11.7 29.5 9 99.5 9 132.1s2.7 102.7-9 132.1z\"><\/path><\/svg><\/span><\/a>\n\n\n\n<a class=\"gb-text-befc6715\" href=\"https:\/\/www.linkedin.com\/in\/daniela-bruhova-70684390\/\" target=\"_blank\" rel=\"noopener\"><span class=\"gb-shape\"><svg aria-hidden=\"true\" role=\"img\" height=\"1em\" width=\"1em\" viewBox=\"0 0 448 512\" xmlns=\"http:\/\/www.w3.org\/2000\/svg\"><path fill=\"currentColor\" d=\"M100.28 448H7.4V148.9h92.88zM53.79 108.1C24.09 108.1 0 83.5 0 53.8a53.79 53.79 0 0 1 107.58 0c0 29.7-24.1 54.3-53.79 54.3zM447.9 448h-92.68V302.4c0-34.7-.7-79.2-48.29-79.2-48.29 0-55.69 37.7-55.69 76.7V448h-92.78V148.9h89.08v40.8h1.3c12.4-23.5 42.69-48.3 87.88-48.3 94 0 111.28 61.9 111.28 142.3V448z\"><\/path><\/svg><\/span><\/a>\n<\/div>\n<\/div>\n\n\n\n<div>\n<img loading=\"lazy\" decoding=\"async\" width=\"1600\" height=\"1066\" class=\"gb-media-0416e9af\" src=\"https:\/\/divokehusy.cz\/wp-content\/uploads\/2026\/03\/Divoke-husy-9079_result.webp\" title=\"Divok\u00e9 husy-9079_result\" alt=\"\" srcset=\"https:\/\/divokehusy.cz\/wp-content\/uploads\/2026\/03\/Divoke-husy-9079_result.webp 1600w, https:\/\/divokehusy.cz\/wp-content\/uploads\/2026\/03\/Divoke-husy-9079_result-300x200.webp 300w, https:\/\/divokehusy.cz\/wp-content\/uploads\/2026\/03\/Divoke-husy-9079_result-1024x682.webp 1024w, https:\/\/divokehusy.cz\/wp-content\/uploads\/2026\/03\/Divoke-husy-9079_result-768x512.webp 768w, https:\/\/divokehusy.cz\/wp-content\/uploads\/2026\/03\/Divoke-husy-9079_result-1536x1023.webp 1536w\" sizes=\"auto, (max-width: 1600px) 100vw, 1600px\" \/>\n\n\n\n<div class=\"gb-text gb-text-ad2403b5\">Zuzana Ka\u0161parov\u00e1<\/div>\n\n\n\n<div class=\"gb-text gb-text-2c2b94c9\">Tajemnice Nadace<\/div>\n\n\n\n<div class=\"gb-text gbp-section__text gb-text-a24cc2eb\">Grantov\u00e1 \u0159\u00edzen\u00ed, veden\u00ed kancel\u00e1\u0159e, PR a fundraising.<\/div>\n\n\n<\/div>\n<\/div>\n<\/div>\n","protected":false},"excerpt":{"rendered":"<p>Nadace Divok\u00e9 husy Na\u0161\u00edm posl\u00e1n\u00edm je zdvojn\u00e1sobovat pen\u00edze, n\u00e1pady, iniciativu, energii a radost. Spojujeme ty, kte\u0159\u00ed cht\u011bj\u00ed spole\u010dn\u011b dolet\u011bt d\u00e1l. Ukrajinsk\u00e1 812\/15, Praha 10 \u2013 Vr\u0161ovice, 101 00 +420 603 469 457 nadace@divokehusy.cz I\u010c: 65996640 Datov\u00e1 schr\u00e1nka: xtvnm55 N\u00e1\u0161 t\u00fdm POKUD SE K N\u00c1M VYPRAV\u00cdTE OSOBN\u011a, DOMLUVTE SE, PROS\u00cdM, P\u0158EDEM TELEFONICKY, ABYCHOM SE NEMINULI. D\u011aKUJEME &#8230; <a title=\"Kontakty\" class=\"read-more\" href=\"https:\/\/divokehusy.cz\/kontakty\/\" aria-label=\"\u010c\u00edst v\u00edce o Kontakty\">Read more<\/a><\/p>\n","protected":false},"author":1,"featured_media":0,"parent":0,"menu_order":0,"comment_status":"closed","ping_status":"closed","template":"","meta":{"footnotes":""},"class_list":["post-3583","page","type-page","status-publish"],"_links":{"self":[{"href":"https:\/\/divokehusy.cz\/wp-json\/wp\/v2\/pages\/3583","targetHints":{"allow":["GET"]}}],"collection":[{"href":"https:\/\/divokehusy.cz\/wp-json\/wp\/v2\/pages"}],"about":[{"href":"https:\/\/divokehusy.cz\/wp-json\/wp\/v2\/types\/page"}],"author":[{"embeddable":true,"href":"https:\/\/divokehusy.cz\/wp-json\/wp\/v2\/users\/1"}],"replies":[{"embeddable":true,"href":"https:\/\/divokehusy.cz\/wp-json\/wp\/v2\/comments?post=3583"}],"version-history":[{"count":26,"href":"https:\/\/divokehusy.cz\/wp-json\/wp\/v2\/pages\/3583\/revisions"}],"predecessor-version":[{"id":6201,"href":"https:\/\/divokehusy.cz\/wp-json\/wp\/v2\/pages\/3583\/revisions\/6201"}],"wp:attachment":[{"href":"https:\/\/divokehusy.cz\/wp-json\/wp\/v2\/media?parent=3583"}],"curies":[{"name":"wp","href":"https:\/\/api.w.org\/{rel}","templated":true}]}}